{"id":1413,"date":"2025-10-22T14:49:29","date_gmt":"2025-10-22T07:49:29","guid":{"rendered":"https:\/\/picoagriviet.com\/?post_type=product&#038;p=1413"},"modified":"2025-10-22T15:01:27","modified_gmt":"2025-10-22T08:01:27","slug":"thanh-long-ruot-do","status":"publish","type":"product","link":"https:\/\/picoagriviet.com\/en\/product\/thanh-long-ruot-do\/","title":{"rendered":"Thanh Long Ru\u1ed9t \u0110\u1ecf"},"content":{"rendered":"<p data-start=\"0\" data-end=\"73\"><strong data-start=\"0\" data-end=\"71\">Vietnamese White-Flesh Dragon Fruit \u2013 A Natural Source of Nutrition<\/strong><\/p>\n<p data-start=\"75\" data-end=\"339\">Vietnamese red-flesh dragon fruit is rich in vitamin C, fiber, antioxidants, and essential minerals. It stands out with its mildly sweet flavor, refreshing white flesh, and natural fragrance.<br data-start=\"268\" data-end=\"271\" \/>Harvested from certified farming regions, <strong data-start=\"313\" data-end=\"337\">we are committed to:<\/strong><\/p>\n<p data-start=\"341\" data-end=\"495\">\u2705 Uniform size, glossy pink-red skin, and fresh white flesh<br data-start=\"400\" data-end=\"403\" \/>\u2705 Free from harmful chemicals, safe for health<br data-start=\"449\" data-end=\"452\" \/>\u2705 Meeting international quality standards<\/p>\n<p data-start=\"497\" data-end=\"553\"><strong data-start=\"497\" data-end=\"551\">Versatile Applications of Red-Flesh Dragon Fruit<\/strong><\/p>\n<p data-start=\"555\" data-end=\"785\">\ud83c\udf7d <strong data-start=\"558\" data-end=\"571\">Culinary:<\/strong> eaten fresh, used in desserts, or fruit salads<br data-start=\"618\" data-end=\"621\" \/>\ud83e\udd64 <strong data-start=\"624\" data-end=\"638\">Beverages:<\/strong> ideal for juices, smoothies, cocktails, and detox drinks<br data-start=\"695\" data-end=\"698\" \/>\ud83d\udc9a <strong data-start=\"701\" data-end=\"712\">Health:<\/strong> rich in vitamins and minerals, supports digestion, and boosts immunity<\/p>\n<p data-start=\"787\" data-end=\"812\"><strong data-start=\"787\" data-end=\"810\">Product Information<\/strong><\/p>\n<ul data-start=\"814\" data-end=\"1302\">\n<li data-start=\"814\" data-end=\"956\">\n<p data-start=\"816\" data-end=\"956\"><strong data-start=\"816\" data-end=\"834\">Product sizes:<\/strong><br data-start=\"834\" data-end=\"837\" \/>\u2013 Big size: 560\u2013640 g\/fruit (14\u201316 fruits\/9 kg carton)<br data-start=\"893\" data-end=\"896\" \/>\u2013 Small size: 400\u2013500 g\/fruit (18\u201322 fruits\/9 kg carton)<\/p>\n<\/li>\n<li data-start=\"957\" data-end=\"1006\">\n<p data-start=\"959\" data-end=\"1006\"><strong data-start=\"959\" data-end=\"969\">Color:<\/strong> Pink-red skin, natural red flesh<\/p>\n<\/li>\n<li data-start=\"1007\" data-end=\"1208\">\n<p data-start=\"1009\" data-end=\"1208\"><strong data-start=\"1009\" data-end=\"1023\">Packaging:<\/strong> 4\u20139\u201317 kg\/carton<br data-start=\"1040\" data-end=\"1043\" \/>\u2013 900\u20132,100 cartons (9 kg) per 20\/40RF container<br data-start=\"1093\" data-end=\"1096\" \/>\u2013 1,700\u20133,700 cartons (4 kg) per 20\/40RF container<br data-start=\"1148\" data-end=\"1151\" \/>(Each fruit wrapped in PE or foam net for protection)<\/p>\n<\/li>\n<li data-start=\"1209\" data-end=\"1232\">\n<p data-start=\"1211\" data-end=\"1232\"><strong data-start=\"1211\" data-end=\"1222\">Origin:<\/strong> Vietnam<\/p>\n<\/li>\n<li data-start=\"1233\" data-end=\"1302\">\n<p data-start=\"1235\" data-end=\"1302\"><strong data-start=\"1235\" data-end=\"1247\">Storage:<\/strong> +1\u20133\u00b0C \/ vent 25, maintaining long-lasting freshness<\/p>\n<\/li>\n<\/ul>\n<p data-start=\"1304\" data-end=\"1340\"><strong data-start=\"1304\" data-end=\"1338\">Delivery &amp; Payment Information<\/strong><\/p>\n<ul data-start=\"1342\" data-end=\"1486\">\n<li data-start=\"1342\" data-end=\"1396\">\n<p data-start=\"1344\" data-end=\"1396\"><strong data-start=\"1344\" data-end=\"1354\">Price:<\/strong> Contact directly for the best quotation<\/p>\n<\/li>\n<li data-start=\"1397\" data-end=\"1422\">\n<p data-start=\"1399\" data-end=\"1422\"><strong data-start=\"1399\" data-end=\"1411\">Payment:<\/strong> T\/T, L\/C<\/p>\n<\/li>\n<li data-start=\"1423\" data-end=\"1486\">\n<p data-start=\"1425\" data-end=\"1486\"><strong data-start=\"1425\" data-end=\"1446\">Shipping methods:<\/strong> International \u2013 by sea, air, or truck<\/p>\n<\/li>\n<\/ul>\n<p data-start=\"1488\" data-end=\"1615\" data-is-last-node=\"\" data-is-only-node=\"\">\ud83d\udc49 <strong data-start=\"1491\" data-end=\"1615\" data-is-last-node=\"\">Pico Agriviet \u2013 Your trusted partner in exporting red-flesh dragon fruit and premium Vietnamese agricultural products.<\/strong><\/p>\n<p data-start=\"159\" data-end=\"452\">&#8212;-<\/p>\n<div class=\"woocommerce-tabs wc-tabs-wrapper\">\n<div id=\"tab-description\" class=\"woocommerce-Tabs-panel woocommerce-Tabs-panel--description panel entry-content wc-tab\" role=\"tabpanel\" aria-labelledby=\"tab-title-description\">\n<p data-start=\"159\" data-end=\"452\">Thanh long ru\u1ed9t \u0111\u1ecf Vi\u1ec7t Nam l\u00e0 lo\u1ea1i tr\u00e1i c\u00e2y gi\u00e0u Vitamin C, ch\u1ea5t x\u01a1, ch\u1ea5t ch\u1ed1ng oxy h\u00f3a v\u00e0 kho\u00e1ng ch\u1ea5t thi\u1ebft y\u1ebfu, n\u1ed5i b\u1eadt v\u1edbi v\u1ecb ng\u1ecdt d\u1ecbu, ru\u1ed9t tr\u1eafng thanh m\u00e1t v\u00e0 h\u01b0\u01a1ng th\u01a1m t\u1ef1 nhi\u00ean. \u0110\u01b0\u1ee3c thu ho\u1ea1ch t\u1eeb nh\u1eefng v\u00f9ng nguy\u00ean li\u1ec7u \u0111\u1ea1t chu\u1ea9n, ch\u00fang t\u00f4i cam k\u1ebft:<\/p>\n<p data-start=\"454\" data-end=\"592\">\u2705 Tr\u00e1i \u0111\u1ec1u, v\u1ecf b\u00f3ng \u0111\u1eb9p, ru\u1ed9t tr\u1eafng thanh m\u00e1t<br data-start=\"499\" data-end=\"502\" \/>\u2705 Kh\u00f4ng h\u00f3a ch\u1ea5t \u0111\u1ed9c h\u1ea1i, an to\u00e0n cho s\u1ee9c kh\u1ecfe<br data-start=\"548\" data-end=\"551\" \/>\u2705 \u0110\u00e1p \u1ee9ng ti\u00eau chu\u1ea9n ch\u1ea5t l\u01b0\u1ee3ng qu\u1ed1c t\u1ebf<\/p>\n<p data-start=\"594\" data-end=\"642\"><strong data-start=\"594\" data-end=\"640\">\u1ee8ng d\u1ee5ng \u0111a d\u1ea1ng c\u1ee7a thanh long ru\u1ed9t tr\u1eafng<\/strong><\/p>\n<ul data-start=\"644\" data-end=\"865\">\n<li data-start=\"644\" data-end=\"715\">\n<p data-start=\"646\" data-end=\"715\"><strong data-start=\"646\" data-end=\"657\">\u1ea8m th\u1ef1c<\/strong>: \u0103n tr\u1ef1c ti\u1ebfp, ch\u1ebf bi\u1ebfn m\u00f3n tr\u00e1ng mi\u1ec7ng, salad tr\u00e1i c\u00e2y<\/p>\n<\/li>\n<li data-start=\"716\" data-end=\"766\">\n<p data-start=\"718\" data-end=\"766\"><strong data-start=\"718\" data-end=\"729\">\u0110\u1ed3 u\u1ed1ng<\/strong>: n\u01b0\u1edbc \u00e9p, sinh t\u1ed1, cocktail, detox<\/p>\n<\/li>\n<li data-start=\"767\" data-end=\"865\">\n<p data-start=\"769\" data-end=\"865\"><strong data-start=\"769\" data-end=\"790\">Ch\u0103m s\u00f3c s\u1ee9c kh\u1ecfe<\/strong>: gi\u00e0u vitamin v\u00e0 kho\u00e1ng ch\u1ea5t, h\u1ed7 tr\u1ee3 ti\u00eau h\u00f3a v\u00e0 t\u0103ng c\u01b0\u1eddng s\u1ee9c \u0111\u1ec1 kh\u00e1ng<\/p>\n<\/li>\n<\/ul>\n<p data-start=\"867\" data-end=\"930\"><strong data-start=\"867\" data-end=\"928\">Th\u00f4ng tin s\u1ea3n ph\u1ea9m\u00a0<\/strong><\/p>\n<ul data-start=\"932\" data-end=\"1360\">\n<li data-start=\"932\" data-end=\"1049\">\n<p data-start=\"934\" data-end=\"1049\"><strong data-start=\"934\" data-end=\"946\">Products<\/strong>:<br data-start=\"947\" data-end=\"950\" \/>\u2013 Big size: 560\u2013640gr\/tr\u00e1i (14\u201316 tr\u00e1i\/9kgs)<br data-start=\"996\" data-end=\"999\" \/>\u2013 Small size: 400\u2013500gr\/tr\u00e1i (18\u201322 tr\u00e1i\/9kgs)<\/p>\n<\/li>\n<li data-start=\"1051\" data-end=\"1099\">\n<p data-start=\"1053\" data-end=\"1099\"><strong data-start=\"1053\" data-end=\"1064\">M\u00e0u s\u1eafc<\/strong>: V\u1ecf h\u1ed3ng \u0111\u1ecf, ru\u1ed9t \u0111\u1ecf t\u1ef1 nhi\u00ean<\/p>\n<\/li>\n<li data-start=\"1100\" data-end=\"1268\">\n<p data-start=\"1102\" data-end=\"1268\"><strong data-start=\"1102\" data-end=\"1114\">\u0110\u00f3ng g\u00f3i<\/strong>: 4\u20139\u201317kgs\/th\u00f9ng<br data-start=\"1131\" data-end=\"1134\" \/>\u2013 900\u20132,100 th\u00f9ng 9kgs\/cont 20\/40RF<br data-start=\"1171\" data-end=\"1174\" \/>\u2013 1,700\u20133,700 th\u00f9ng 4kgs\/cont 20\/40RF<br data-start=\"1213\" data-end=\"1216\" \/>(\u0111\u00f3ng g\u00f3i b\u1eb1ng bao PE ho\u1eb7c bao x\u1ed1p cho m\u1ed7i tr\u00e1i)<\/p>\n<\/li>\n<li data-start=\"1270\" data-end=\"1295\">\n<p data-start=\"1272\" data-end=\"1295\"><strong data-start=\"1272\" data-end=\"1283\">Xu\u1ea5t x\u1ee9<\/strong>: Vi\u1ec7t Nam<\/p>\n<\/li>\n<li data-start=\"1296\" data-end=\"1360\">\n<p data-start=\"1298\" data-end=\"1360\"><strong data-start=\"1298\" data-end=\"1310\">B\u1ea3o qu\u1ea3n<\/strong>: +1\u20133\u2103 \/ vent 25, gi\u1eef \u0111\u01b0\u1ee3c \u0111\u1ed9 t\u01b0\u01a1i ngon l\u00e2u d\u00e0i<\/p>\n<\/li>\n<\/ul>\n<p data-start=\"1362\" data-end=\"1400\"><strong data-start=\"1362\" data-end=\"1398\">Th\u00f4ng tin giao h\u00e0ng &amp; thanh to\u00e1n<\/strong><\/p>\n<ul data-start=\"1402\" data-end=\"1541\">\n<li data-start=\"1402\" data-end=\"1455\">\n<p data-start=\"1404\" data-end=\"1455\"><strong data-start=\"1404\" data-end=\"1411\">Gi\u00e1<\/strong>: Li\u00ean h\u1ec7 tr\u1ef1c ti\u1ebfp \u0111\u1ec3 c\u00f3 b\u00e1o gi\u00e1 t\u1ed1t nh\u1ea5t<\/p>\n<\/li>\n<li data-start=\"1456\" data-end=\"1484\">\n<p data-start=\"1458\" data-end=\"1484\"><strong data-start=\"1458\" data-end=\"1472\">Payment<\/strong>: T\/T, L\/C<\/p>\n<\/li>\n<li data-start=\"1485\" data-end=\"1541\">\n<p data-start=\"1487\" data-end=\"1541\"><strong data-start=\"1487\" data-end=\"1512\">Ph\u01b0\u01a1ng th\u1ee9c giao h\u00e0ng<\/strong>: Qu\u1ed1c t\u1ebf \u2013 Sea, Air, Truck<\/p>\n<\/li>\n<\/ul>\n<p data-start=\"1543\" data-end=\"1756\">\ud83d\udc49 Pico Agriviet \u2013 \u0110\u1ed1i t\u00e1c \u0111\u00e1ng tin c\u1eady trong xu\u1ea5t kh\u1ea9u thanh long ru\u1ed9t tr\u1eafng v\u00e0 n\u00f4ng s\u1ea3n Vi\u1ec7t Nam ch\u1ea5t l\u01b0\u1ee3ng cao.<\/p>\n<\/div>\n<\/div>","protected":false},"excerpt":{"rendered":"<p><a href=\"https:\/\/picoagriviet.com\/en\/lien-he\/\">Contact us<\/a><\/p>\n<p>* Dragon fruit is one of the popular fruits of Vietnam in the world. This is also one of the key export fruits of Vietnam to world markets such as EU, Asia...<\/p>\n<p>* Big size: 16-18-20 pieces\/carton<br \/>\n* Small size: 20-22-24-26 pieces\/carton<br \/>\n* White flesh<br \/>\n* Taste: Lightly sweet<\/p>","protected":false},"featured_media":1414,"comment_status":"open","ping_status":"closed","template":"","meta":[],"product_cat":[18],"product_tag":[],"yoast_head":"<!-- This site is optimized with the Yoast SEO Premium plugin v15.9.2 - https:\/\/yoast.com\/wordpress\/plugins\/seo\/ -->\n<title>PICO AGRIVIET - Products - Fruits - Dragon Fruit (Pitaya)<\/title>\n<meta name=\"description\" content=\"Pico Agriviet Is An Exporter of Dragon Fruit from Vietnam. We Supply High Quality Fruit Vegetable &amp; Seafood From Fresh to Processed Products.\" \/>\n<link rel=\"canonical\" href=\"https:\/\/picoagriviet.com\/en\/product\/thanh-long-ruot-do\/\" \/>\n<meta property=\"og:locale\" content=\"en_US\" \/>\n<meta property=\"og:type\" content=\"article\" \/>\n<meta property=\"og:title\" content=\"PICO AGRIVIET - Products - Fruits - Dragon Fruit (Pitaya)\" \/>\n<meta property=\"og:description\" content=\"Pico Agriviet Is An Exporter of Dragon Fruit from Vietnam. We Supply High Quality Fruit Vegetable &amp; Seafood From Fresh to Processed Products.\" \/>\n<meta property=\"og:url\" content=\"https:\/\/picoagriviet.com\/en\/product\/thanh-long-ruot-do\/\" \/>\n<meta property=\"og:site_name\" content=\"PICO AGRIVIET\" \/>\n<meta property=\"article:modified_time\" content=\"2025-10-22T08:01:27+00:00\" \/>\n<meta property=\"og:image\" content=\"https:\/\/picoagriviet.com\/wp-content\/uploads\/2025\/10\/thanh-long-do.png\" \/>\n\t<meta property=\"og:image:width\" content=\"1200\" \/>\n\t<meta property=\"og:image:height\" content=\"1200\" \/>\n<meta name=\"twitter:card\" content=\"summary_large_image\" \/>\n<meta name=\"twitter:label1\" content=\"Est. reading time\">\n\t<meta name=\"twitter:data1\" content=\"2 minutes\">\n<script type=\"application\/ld+json\" class=\"yoast-schema-graph\">{\"@context\":\"https:\/\/schema.org\",\"@graph\":[{\"@type\":\"Organization\",\"@id\":\"https:\/\/picoagriviet.com\/#organization\",\"name\":\"PICO AGRIVIET IMPORT EXPORT COMPANY LIMITED\",\"url\":\"https:\/\/picoagriviet.com\/\",\"sameAs\":[],\"logo\":{\"@type\":\"ImageObject\",\"@id\":\"https:\/\/picoagriviet.com\/#logo\",\"inLanguage\":\"en-US\",\"url\":\"https:\/\/picoagriviet.com\/wp-content\/uploads\/2022\/07\/0-PICO-AGRIVIET-LOGO-FINAL-01.png\",\"width\":505,\"height\":566,\"caption\":\"PICO AGRIVIET IMPORT EXPORT COMPANY LIMITED\"},\"image\":{\"@id\":\"https:\/\/picoagriviet.com\/#logo\"}},{\"@type\":\"WebSite\",\"@id\":\"https:\/\/picoagriviet.com\/#website\",\"url\":\"https:\/\/picoagriviet.com\/\",\"name\":\"PICO AGRIVIET\",\"description\":\"C\\u00d4NG TY TNHH XU\\u1ea4T NH\\u1eacP KH\\u1ea8U PICO AGRIVIET\",\"publisher\":{\"@id\":\"https:\/\/picoagriviet.com\/#organization\"},\"potentialAction\":[{\"@type\":\"SearchAction\",\"target\":\"https:\/\/picoagriviet.com\/?s={search_term_string}\",\"query-input\":\"required name=search_term_string\"}],\"inLanguage\":\"en-US\"},{\"@type\":\"ImageObject\",\"@id\":\"https:\/\/picoagriviet.com\/san-pham\/thanh-long-ruot-do\/#primaryimage\",\"inLanguage\":\"en-US\",\"url\":\"https:\/\/picoagriviet.com\/wp-content\/uploads\/2025\/10\/thanh-long-do.png\",\"width\":1200,\"height\":1200},{\"@type\":[\"WebPage\",\"ItemPage\"],\"@id\":\"https:\/\/picoagriviet.com\/san-pham\/thanh-long-ruot-do\/#webpage\",\"url\":\"https:\/\/picoagriviet.com\/san-pham\/thanh-long-ruot-do\/\",\"name\":\"PICO AGRIVIET - Products - Fruits - Dragon Fruit (Pitaya)\",\"isPartOf\":{\"@id\":\"https:\/\/picoagriviet.com\/#website\"},\"primaryImageOfPage\":{\"@id\":\"https:\/\/picoagriviet.com\/san-pham\/thanh-long-ruot-do\/#primaryimage\"},\"datePublished\":\"2025-10-22T07:49:29+00:00\",\"dateModified\":\"2025-10-22T08:01:27+00:00\",\"description\":\"Pico Agriviet Is An Exporter of Dragon Fruit from Vietnam. We Supply High Quality Fruit Vegetable & Seafood From Fresh to Processed Products.\",\"breadcrumb\":{\"@id\":\"https:\/\/picoagriviet.com\/san-pham\/thanh-long-ruot-do\/#breadcrumb\"},\"inLanguage\":\"en-US\",\"potentialAction\":[{\"@type\":\"ReadAction\",\"target\":[\"https:\/\/picoagriviet.com\/san-pham\/thanh-long-ruot-do\/\"]}]},{\"@type\":\"BreadcrumbList\",\"@id\":\"https:\/\/picoagriviet.com\/san-pham\/thanh-long-ruot-do\/#breadcrumb\",\"itemListElement\":[{\"@type\":\"ListItem\",\"position\":1,\"item\":{\"@type\":\"WebPage\",\"@id\":\"https:\/\/picoagriviet.com\/\",\"url\":\"https:\/\/picoagriviet.com\/\",\"name\":\"Home\"}},{\"@type\":\"ListItem\",\"position\":2,\"item\":{\"@type\":\"WebPage\",\"@id\":\"https:\/\/picoagriviet.com\/product\/\",\"url\":\"https:\/\/picoagriviet.com\/product\/\",\"name\":\"S\\u1ea3n ph\\u1ea9m\"}},{\"@type\":\"ListItem\",\"position\":3,\"item\":{\"@type\":\"WebPage\",\"@id\":\"https:\/\/picoagriviet.com\/san-pham\/thanh-long-ruot-do\/\",\"url\":\"https:\/\/picoagriviet.com\/san-pham\/thanh-long-ruot-do\/\",\"name\":\"Thanh Long Ru\\u1ed9t \\u0110\\u1ecf\"}}]}]}<\/script>\n<!-- \/ Yoast SEO Premium plugin. -->","_links":{"self":[{"href":"https:\/\/picoagriviet.com\/en\/wp-json\/wp\/v2\/product\/1413"}],"collection":[{"href":"https:\/\/picoagriviet.com\/en\/wp-json\/wp\/v2\/product"}],"about":[{"href":"https:\/\/picoagriviet.com\/en\/wp-json\/wp\/v2\/types\/product"}],"replies":[{"embeddable":true,"href":"https:\/\/picoagriviet.com\/en\/wp-json\/wp\/v2\/comments?post=1413"}],"wp:featuredmedia":[{"embeddable":true,"href":"https:\/\/picoagriviet.com\/en\/wp-json\/wp\/v2\/media\/1414"}],"wp:attachment":[{"href":"https:\/\/picoagriviet.com\/en\/wp-json\/wp\/v2\/media?parent=1413"}],"wp:term":[{"taxonomy":"product_cat","embeddable":true,"href":"https:\/\/picoagriviet.com\/en\/wp-json\/wp\/v2\/product_cat?post=1413"},{"taxonomy":"product_tag","embeddable":true,"href":"https:\/\/picoagriviet.com\/en\/wp-json\/wp\/v2\/product_tag?post=1413"}],"curies":[{"name":"wp","href":"https:\/\/api.w.org\/{rel}","templated":true}]}}