{"id":661,"date":"2022-06-09T17:50:01","date_gmt":"2022-06-09T10:50:01","guid":{"rendered":"https:\/\/picoagriviet.com\/?post_type=product&#038;p=661"},"modified":"2025-10-22T15:14:43","modified_gmt":"2025-10-22T08:14:43","slug":"chanh-khong-hat-sao-chep","status":"publish","type":"product","link":"https:\/\/picoagriviet.com\/en\/product\/chanh-khong-hat-sao-chep\/","title":{"rendered":"Seedless Lime"},"content":{"rendered":"<p data-start=\"0\" data-end=\"46\"><strong data-start=\"0\" data-end=\"46\">Seedless Lime \u2013 A Natural Source of Nutrition<\/strong><\/p>\n<p data-start=\"48\" data-end=\"241\">Vietnamese seedless limes are rich in Vitamin C and essential minerals, known for their refreshing sour taste and natural aroma. Harvested from standardized cultivation areas, we are committed to:<\/p>\n<p data-start=\"243\" data-end=\"369\">\u2705 Smooth skin with bright green color<br data-start=\"280\" data-end=\"283\" \/>\u2705 No harmful chemicals \u2013 safe for health<br data-start=\"323\" data-end=\"326\" \/>\u2705 Meeting international quality standards<\/p>\n<p data-start=\"371\" data-end=\"411\"><strong data-start=\"371\" data-end=\"411\">Versatile Applications of Fresh Lime<\/strong><\/p>\n<p data-start=\"413\" data-end=\"636\"><strong data-start=\"413\" data-end=\"426\">Culinary:<\/strong> a popular seasoning for Asian &amp; Western dishes, sauces, and marinades<br data-start=\"496\" data-end=\"499\" \/><strong data-start=\"499\" data-end=\"513\">Beverages:<\/strong> refreshing drinks, cocktails, detox water<br data-start=\"555\" data-end=\"558\" \/><strong data-start=\"558\" data-end=\"578\">Beauty &amp; Health:<\/strong> a natural and safe ingredient for skincare and wellness<\/p>\n<p data-start=\"638\" data-end=\"661\"><strong data-start=\"638\" data-end=\"661\">Product Information<\/strong><\/p>\n<p data-start=\"663\" data-end=\"843\"><strong data-start=\"663\" data-end=\"676\">Products:<\/strong> Seedless Limes (Size S, M, L)<br data-start=\"703\" data-end=\"706\" \/><strong data-start=\"706\" data-end=\"716\">Color:<\/strong> Natural bright green<br data-start=\"737\" data-end=\"740\" \/><strong data-start=\"740\" data-end=\"754\">Packaging:<\/strong><br data-start=\"754\" data-end=\"757\" \/>\u2013 4\u20135\u20136 kg\/carton or customized as per customer request<br data-start=\"812\" data-end=\"815\" \/>\u2013 26\u201327 MTS\/40RF container<\/p>\n<p data-start=\"845\" data-end=\"922\"><strong data-start=\"845\" data-end=\"856\">Origin:<\/strong> Vietnam<br data-start=\"864\" data-end=\"867\" \/><strong data-start=\"867\" data-end=\"879\">Storage:<\/strong> 4\u20135\u2103, maintaining long-lasting freshness<\/p>\n<p data-start=\"924\" data-end=\"958\"><strong data-start=\"924\" data-end=\"958\">Shipping &amp; Payment Information<\/strong><\/p>\n<p data-start=\"960\" data-end=\"1095\"><strong data-start=\"960\" data-end=\"970\">Price:<\/strong> Contact us directly for the best quotation<br data-start=\"1013\" data-end=\"1016\" \/><strong data-start=\"1016\" data-end=\"1028\">Payment:<\/strong> T\/T, L\/C<br data-start=\"1037\" data-end=\"1040\" \/><strong data-start=\"1040\" data-end=\"1061\">Shipping Methods:<\/strong> International \u2013 Sea, Air, Truck<\/p>\n<p data-start=\"1097\" data-end=\"1208\" data-is-last-node=\"\" data-is-only-node=\"\">\ud83d\udc49 <strong data-start=\"1100\" data-end=\"1208\" data-is-last-node=\"\">Pico Agriviet \u2013 A trusted partner in exporting fresh limes and premium Vietnamese agricultural products.<\/strong><\/p>\n<p data-start=\"222\" data-end=\"265\">&#8212;-<\/p>\n<div class=\"woocommerce-tabs wc-tabs-wrapper\">\n<div id=\"tab-description\" class=\"woocommerce-Tabs-panel woocommerce-Tabs-panel--description panel entry-content wc-tab\" role=\"tabpanel\" aria-labelledby=\"tab-title-description\">\n<p data-start=\"222\" data-end=\"265\">Chanh T\u01b0\u01a1i \u2013 Ngu\u1ed3n dinh d\u01b0\u1ee1ng t\u1ef1 nhi\u00ean<\/p>\n<p data-start=\"267\" data-end=\"509\">Chanh t\u01b0\u01a1i Vi\u1ec7t Nam l\u00e0 lo\u1ea1i tr\u00e1i c\u00e2y gi\u00e0u Vitamin C v\u00e0 kho\u00e1ng ch\u1ea5t thi\u1ebft y\u1ebfu, n\u1ed5i b\u1eadt v\u1edbi v\u1ecb chua thanh m\u00e1t v\u00e0 h\u01b0\u01a1ng th\u01a1m t\u1ef1 nhi\u00ean. \u0110\u01b0\u1ee3c thu ho\u1ea1ch t\u1eeb nh\u1eefng v\u00f9ng nguy\u00ean li\u1ec7u \u0111\u1ea1t chu\u1ea9n, ch\u00fang t\u00f4i cam k\u1ebft:<\/p>\n<ul data-start=\"511\" data-end=\"636\">\n<li data-start=\"511\" data-end=\"545\">\n<p data-start=\"513\" data-end=\"545\">V\u1ecf m\u1ecbn, m\u00e0u s\u1eafc xanh t\u01b0\u01a1i s\u00e1ng<\/p>\n<\/li>\n<li data-start=\"546\" data-end=\"594\">\n<p data-start=\"548\" data-end=\"594\">Kh\u00f4ng h\u00f3a ch\u1ea5t \u0111\u1ed9c h\u1ea1i, an to\u00e0n cho s\u1ee9c kh\u1ecfe<\/p>\n<\/li>\n<li data-start=\"595\" data-end=\"636\">\n<p data-start=\"597\" data-end=\"636\">\u0110\u00e1p \u1ee9ng ti\u00eau chu\u1ea9n ch\u1ea5t l\u01b0\u1ee3ng qu\u1ed1c t\u1ebf<\/p>\n<\/li>\n<\/ul>\n<p data-start=\"638\" data-end=\"674\"><strong>\u1ee8ng d\u1ee5ng \u0111a d\u1ea1ng c\u1ee7a chanh t\u01b0\u01a1i<\/strong><\/p>\n<ul data-start=\"676\" data-end=\"860\">\n<li data-start=\"676\" data-end=\"737\">\n<p data-start=\"678\" data-end=\"737\"><strong data-start=\"678\" data-end=\"689\">\u1ea8m th\u1ef1c<\/strong>: gia v\u1ecb cho m\u00f3n \u0103n ch\u00e2u \u00c1 &amp; \u00c2u, l\u00e0m n\u01b0\u1edbc ch\u1ea5m<\/p>\n<\/li>\n<li data-start=\"738\" data-end=\"791\">\n<p data-start=\"740\" data-end=\"791\"><strong data-start=\"740\" data-end=\"751\">\u0110\u1ed3 u\u1ed1ng<\/strong>: n\u01b0\u1edbc gi\u1ea3i kh\u00e1t, cocktail, n\u01b0\u1edbc detox<\/p>\n<\/li>\n<li data-start=\"792\" data-end=\"860\">\n<p data-start=\"794\" data-end=\"860\"><strong data-start=\"794\" data-end=\"825\">L\u00e0m \u0111\u1eb9p &amp; ch\u0103m s\u00f3c s\u1ee9c kh\u1ecfe<\/strong>: nguy\u00ean li\u1ec7u thi\u00ean nhi\u00ean an to\u00e0n<\/p>\n<\/li>\n<\/ul>\n<p data-start=\"862\" data-end=\"913\"><strong>Th\u00f4ng tin s\u1ea3n ph\u1ea9m<\/strong><\/p>\n<ul data-start=\"915\" data-end=\"1180\">\n<li data-start=\"915\" data-end=\"958\">\n<p data-start=\"917\" data-end=\"958\"><strong data-start=\"917\" data-end=\"929\">Products<\/strong>: Chanh t\u01b0\u01a1i (Size S, M, L)<\/p>\n<\/li>\n<li data-start=\"959\" data-end=\"994\">\n<p data-start=\"961\" data-end=\"994\"><strong data-start=\"961\" data-end=\"972\">M\u00e0u s\u1eafc<\/strong>: Xanh t\u01b0\u01a1i t\u1ef1 nhi\u00ean<\/p>\n<\/li>\n<li data-start=\"995\" data-end=\"1091\">\n<p data-start=\"997\" data-end=\"1012\"><strong data-start=\"997\" data-end=\"1009\">\u0110\u00f3ng g\u00f3i<\/strong>:<\/p>\n<ul data-start=\"1015\" data-end=\"1091\">\n<li data-start=\"1015\" data-end=\"1065\">\n<p data-start=\"1017\" data-end=\"1065\">4\u20135\u20136kg\/th\u00f9ng ho\u1eb7c t\u00f9y theo nhu c\u1ea7u kh\u00e1ch h\u00e0ng<\/p>\n<\/li>\n<li data-start=\"1068\" data-end=\"1091\">\n<p data-start=\"1070\" data-end=\"1091\">26\u201327 MTS\/cont 40RF<\/p>\n<\/li>\n<\/ul>\n<\/li>\n<li data-start=\"1092\" data-end=\"1117\">\n<p data-start=\"1094\" data-end=\"1117\"><strong data-start=\"1094\" data-end=\"1105\">Xu\u1ea5t x\u1ee9<\/strong>: Vi\u1ec7t Nam<\/p>\n<\/li>\n<li data-start=\"1118\" data-end=\"1180\">\n<p data-start=\"1120\" data-end=\"1180\"><strong data-start=\"1120\" data-end=\"1132\">B\u1ea3o qu\u1ea3n<\/strong>: Nhi\u1ec7t \u0111\u1ed9 4\u20135\u2103, gi\u1eef \u0111\u01b0\u1ee3c \u0111\u1ed9 t\u01b0\u01a1i ngon l\u00e2u d\u00e0i<\/p>\n<\/li>\n<\/ul>\n<p data-start=\"1182\" data-end=\"1219\"><strong>Th\u00f4ng tin giao h\u00e0ng &amp; thanh to\u00e1n<\/strong><\/p>\n<ul data-start=\"1221\" data-end=\"1360\">\n<li data-start=\"1221\" data-end=\"1274\">\n<p data-start=\"1223\" data-end=\"1274\"><strong data-start=\"1223\" data-end=\"1230\">Gi\u00e1<\/strong>: Li\u00ean h\u1ec7 tr\u1ef1c ti\u1ebfp \u0111\u1ec3 c\u00f3 b\u00e1o gi\u00e1 t\u1ed1t nh\u1ea5t<\/p>\n<\/li>\n<li data-start=\"1275\" data-end=\"1303\">\n<p data-start=\"1277\" data-end=\"1303\"><strong data-start=\"1277\" data-end=\"1291\">Payment<\/strong>: T\/T, L\/C<\/p>\n<\/li>\n<li data-start=\"1304\" data-end=\"1360\">\n<p data-start=\"1306\" data-end=\"1360\"><strong data-start=\"1306\" data-end=\"1331\">Ph\u01b0\u01a1ng th\u1ee9c giao h\u00e0ng<\/strong>: Qu\u1ed1c t\u1ebf \u2013 Sea, Air, Truck<\/p>\n<\/li>\n<\/ul>\n<p data-start=\"1727\" data-end=\"1839\">\ud83d\udc49 <strong>Pico Agriviet \u2013 \u0110\u1ed1i t\u00e1c \u0111\u00e1ng tin c\u1eady trong xu\u1ea5t kh\u1ea9u chanh t\u01b0\u01a1i v\u00e0 n\u00f4ng s\u1ea3n Vi\u1ec7t Nam ch\u1ea5t l\u01b0\u1ee3ng cao.<\/strong><\/p>\n<\/div>\n<\/div>\n<section class=\"related products\"><\/section>","protected":false},"excerpt":{"rendered":"<p>Seedless Lime \u2013 A Natural Source of Nutrition Vietnamese seedless limes are rich in Vitamin C and essential minerals, known for their refreshing sour taste and natural aroma. Harvested from standardized cultivation areas, we are committed to: \u2705 Smooth skin with bright green color\u2705 No harmful chemicals \u2013 safe for health\u2705 Meeting international quality standards&#8230;<\/p>","protected":false},"featured_media":662,"comment_status":"open","ping_status":"closed","template":"","meta":[],"product_cat":[18],"product_tag":[],"yoast_head":"<!-- This site is optimized with the Yoast SEO Premium plugin v15.9.2 - https:\/\/yoast.com\/wordpress\/plugins\/seo\/ -->\n<title>PICO AGRIVIET - Products - Vegetables - Seedless Lime (Persian Lime)<\/title>\n<meta name=\"description\" content=\"Pico Agriviet Is An Exporter of Seedless Lime from Vietnam. We Supply High Quality Fruit Vegetable &amp; Seafood From Fresh to Processed Products.\" \/>\n<link rel=\"canonical\" href=\"https:\/\/picoagriviet.com\/en\/product\/chanh-khong-hat-sao-chep\/\" \/>\n<meta property=\"og:locale\" content=\"en_US\" \/>\n<meta property=\"og:type\" content=\"article\" \/>\n<meta property=\"og:title\" content=\"PICO AGRIVIET - Products - Vegetables - Seedless Lime (Persian Lime)\" \/>\n<meta property=\"og:description\" content=\"Pico Agriviet Is An Exporter of Seedless Lime from Vietnam. We Supply High Quality Fruit Vegetable &amp; Seafood From Fresh to Processed Products.\" \/>\n<meta property=\"og:url\" content=\"https:\/\/picoagriviet.com\/en\/product\/chanh-khong-hat-sao-chep\/\" \/>\n<meta property=\"og:site_name\" content=\"PICO AGRIVIET\" \/>\n<meta property=\"article:modified_time\" content=\"2025-10-22T08:14:43+00:00\" \/>\n<meta property=\"og:image\" content=\"https:\/\/picoagriviet.com\/wp-content\/uploads\/2022\/06\/Lime.jpg\" \/>\n\t<meta property=\"og:image:width\" content=\"601\" \/>\n\t<meta property=\"og:image:height\" content=\"601\" \/>\n<meta name=\"twitter:card\" content=\"summary_large_image\" \/>\n<meta name=\"twitter:label1\" content=\"Est. reading time\">\n\t<meta name=\"twitter:data1\" content=\"2 minutes\">\n<script type=\"application\/ld+json\" class=\"yoast-schema-graph\">{\"@context\":\"https:\/\/schema.org\",\"@graph\":[{\"@type\":\"Organization\",\"@id\":\"https:\/\/picoagriviet.com\/#organization\",\"name\":\"PICO AGRIVIET IMPORT EXPORT COMPANY LIMITED\",\"url\":\"https:\/\/picoagriviet.com\/\",\"sameAs\":[],\"logo\":{\"@type\":\"ImageObject\",\"@id\":\"https:\/\/picoagriviet.com\/#logo\",\"inLanguage\":\"en-US\",\"url\":\"https:\/\/picoagriviet.com\/wp-content\/uploads\/2022\/07\/0-PICO-AGRIVIET-LOGO-FINAL-01.png\",\"width\":505,\"height\":566,\"caption\":\"PICO AGRIVIET IMPORT EXPORT COMPANY LIMITED\"},\"image\":{\"@id\":\"https:\/\/picoagriviet.com\/#logo\"}},{\"@type\":\"WebSite\",\"@id\":\"https:\/\/picoagriviet.com\/#website\",\"url\":\"https:\/\/picoagriviet.com\/\",\"name\":\"PICO AGRIVIET\",\"description\":\"C\\u00d4NG TY TNHH XU\\u1ea4T NH\\u1eacP KH\\u1ea8U PICO AGRIVIET\",\"publisher\":{\"@id\":\"https:\/\/picoagriviet.com\/#organization\"},\"potentialAction\":[{\"@type\":\"SearchAction\",\"target\":\"https:\/\/picoagriviet.com\/?s={search_term_string}\",\"query-input\":\"required name=search_term_string\"}],\"inLanguage\":\"en-US\"},{\"@type\":\"ImageObject\",\"@id\":\"https:\/\/picoagriviet.com\/san-pham\/chanh-khong-hat-sao-chep\/#primaryimage\",\"inLanguage\":\"en-US\",\"url\":\"https:\/\/picoagriviet.com\/wp-content\/uploads\/2022\/06\/Lime.jpg\",\"width\":601,\"height\":601},{\"@type\":[\"WebPage\",\"ItemPage\"],\"@id\":\"https:\/\/picoagriviet.com\/san-pham\/chanh-khong-hat-sao-chep\/#webpage\",\"url\":\"https:\/\/picoagriviet.com\/san-pham\/chanh-khong-hat-sao-chep\/\",\"name\":\"PICO AGRIVIET - Products - Vegetables - Seedless Lime (Persian Lime)\",\"isPartOf\":{\"@id\":\"https:\/\/picoagriviet.com\/#website\"},\"primaryImageOfPage\":{\"@id\":\"https:\/\/picoagriviet.com\/san-pham\/chanh-khong-hat-sao-chep\/#primaryimage\"},\"datePublished\":\"2022-06-09T10:50:01+00:00\",\"dateModified\":\"2025-10-22T08:14:43+00:00\",\"description\":\"Pico Agriviet Is An Exporter of Seedless Lime from Vietnam. We Supply High Quality Fruit Vegetable & Seafood From Fresh to Processed Products.\",\"breadcrumb\":{\"@id\":\"https:\/\/picoagriviet.com\/san-pham\/chanh-khong-hat-sao-chep\/#breadcrumb\"},\"inLanguage\":\"en-US\",\"potentialAction\":[{\"@type\":\"ReadAction\",\"target\":[\"https:\/\/picoagriviet.com\/san-pham\/chanh-khong-hat-sao-chep\/\"]}]},{\"@type\":\"BreadcrumbList\",\"@id\":\"https:\/\/picoagriviet.com\/san-pham\/chanh-khong-hat-sao-chep\/#breadcrumb\",\"itemListElement\":[{\"@type\":\"ListItem\",\"position\":1,\"item\":{\"@type\":\"WebPage\",\"@id\":\"https:\/\/picoagriviet.com\/\",\"url\":\"https:\/\/picoagriviet.com\/\",\"name\":\"Home\"}},{\"@type\":\"ListItem\",\"position\":2,\"item\":{\"@type\":\"WebPage\",\"@id\":\"https:\/\/picoagriviet.com\/product\/\",\"url\":\"https:\/\/picoagriviet.com\/product\/\",\"name\":\"S\\u1ea3n ph\\u1ea9m\"}},{\"@type\":\"ListItem\",\"position\":3,\"item\":{\"@type\":\"WebPage\",\"@id\":\"https:\/\/picoagriviet.com\/san-pham\/chanh-khong-hat-sao-chep\/\",\"url\":\"https:\/\/picoagriviet.com\/san-pham\/chanh-khong-hat-sao-chep\/\",\"name\":\"Chanh Kh\\u00f4ng H\\u1ea1t\"}}]}]}<\/script>\n<!-- \/ Yoast SEO Premium plugin. -->","_links":{"self":[{"href":"https:\/\/picoagriviet.com\/en\/wp-json\/wp\/v2\/product\/661"}],"collection":[{"href":"https:\/\/picoagriviet.com\/en\/wp-json\/wp\/v2\/product"}],"about":[{"href":"https:\/\/picoagriviet.com\/en\/wp-json\/wp\/v2\/types\/product"}],"replies":[{"embeddable":true,"href":"https:\/\/picoagriviet.com\/en\/wp-json\/wp\/v2\/comments?post=661"}],"wp:featuredmedia":[{"embeddable":true,"href":"https:\/\/picoagriviet.com\/en\/wp-json\/wp\/v2\/media\/662"}],"wp:attachment":[{"href":"https:\/\/picoagriviet.com\/en\/wp-json\/wp\/v2\/media?parent=661"}],"wp:term":[{"taxonomy":"product_cat","embeddable":true,"href":"https:\/\/picoagriviet.com\/en\/wp-json\/wp\/v2\/product_cat?post=661"},{"taxonomy":"product_tag","embeddable":true,"href":"https:\/\/picoagriviet.com\/en\/wp-json\/wp\/v2\/product_tag?post=661"}],"curies":[{"name":"wp","href":"https:\/\/api.w.org\/{rel}","templated":true}]}}